{"id":4614,"date":"2022-11-10T02:38:45","date_gmt":"2022-11-10T01:38:45","guid":{"rendered":"https:\/\/laigo.ai\/?page_id=4614"},"modified":"2025-07-13T15:43:12","modified_gmt":"2025-07-13T13:43:12","slug":"blog","status":"publish","type":"page","link":"https:\/\/laigo.ai\/de\/blog\/","title":{"rendered":"Blog"},"content":{"rendered":"<div data-elementor-type=\"wp-page\" data-elementor-id=\"4614\" class=\"elementor elementor-4614\" data-elementor-post-type=\"page\">\n\t\t\t\t\t\t<section class=\"elementor-section elementor-top-section elementor-element elementor-element-24b695d2 elementor-section-full_width elementor-section-content-middle elementor-section-height-default elementor-section-height-default\" data-id=\"24b695d2\" data-element_type=\"section\" data-e-type=\"section\">\n\t\t\t\t\t\t<div class=\"elementor-container elementor-column-gap-default\">\n\t\t\t\t\t<div class=\"elementor-column elementor-col-100 elementor-top-column elementor-element elementor-element-393aeae2\" data-id=\"393aeae2\" data-element_type=\"column\" data-e-type=\"column\">\n\t\t\t<div class=\"elementor-widget-wrap elementor-element-populated\">\n\t\t\t\t\t\t<div class=\"elementor-element elementor-element-65fac491 elementor-widget elementor-widget-heading\" data-id=\"65fac491\" data-element_type=\"widget\" data-e-type=\"widget\" data-widget_type=\"heading.default\">\n\t\t\t\t<div class=\"elementor-widget-container\">\n\t\t\t\t\t<h1 class=\"elementor-heading-title elementor-size-default\">Willkommen auf unserem Blog<\/h1>\t\t\t\t<\/div>\n\t\t\t\t<\/div>\n\t\t\t\t<div class=\"elementor-element elementor-element-2bf80165 elementor-widget__width-initial elementor-widget elementor-widget-text-editor\" data-id=\"2bf80165\" data-element_type=\"widget\" data-e-type=\"widget\" data-widget_type=\"text-editor.default\">\n\t\t\t\t<div class=\"elementor-widget-container\">\n\t\t\t\t\t\t\t\t\t<p>Erfahren Sie, wie KI-Technologie und -L\u00f6sungen zusammenwirken, um Ihnen die Arbeit zu erleichtern, und erhalten Sie die neuesten Informationen dar\u00fcber, wie Sie diese nutzen k\u00f6nnen.<\/p>\t\t\t\t\t\t\t\t<\/div>\n\t\t\t\t<\/div>\n\t\t\t\t\t<\/div>\n\t\t<\/div>\n\t\t\t\t\t<\/div>\n\t\t<\/section>\n\t\t\t\t<section class=\"elementor-section elementor-top-section elementor-element elementor-element-1579bb8f elementor-section-boxed elementor-section-height-default elementor-section-height-default\" data-id=\"1579bb8f\" data-element_type=\"section\" data-e-type=\"section\">\n\t\t\t\t\t\t<div class=\"elementor-container elementor-column-gap-default\">\n\t\t\t\t\t<div class=\"elementor-column elementor-col-100 elementor-top-column elementor-element elementor-element-27f0f5ad\" data-id=\"27f0f5ad\" data-element_type=\"column\" data-e-type=\"column\" data-settings=\"{&quot;background_background&quot;:&quot;classic&quot;}\">\n\t\t\t<div class=\"elementor-widget-wrap elementor-element-populated\">\n\t\t\t\t\t\t<div class=\"elementor-element elementor-element-72a3978 elementor-posts__hover-none elementor-grid-3 elementor-grid-tablet-2 elementor-grid-mobile-1 elementor-posts--thumbnail-top elementor-card-shadow-yes load-more-align-center elementor-widget elementor-widget-posts\" data-id=\"72a3978\" data-element_type=\"widget\" data-e-type=\"widget\" data-settings=\"{&quot;pagination_type&quot;:&quot;load_more_on_click&quot;,&quot;cards_columns&quot;:&quot;3&quot;,&quot;cards_columns_tablet&quot;:&quot;2&quot;,&quot;cards_columns_mobile&quot;:&quot;1&quot;,&quot;cards_row_gap&quot;:{&quot;unit&quot;:&quot;px&quot;,&quot;size&quot;:35,&quot;sizes&quot;:[]},&quot;cards_row_gap_widescreen&quot;:{&quot;unit&quot;:&quot;px&quot;,&quot;size&quot;:&quot;&quot;,&quot;sizes&quot;:[]},&quot;cards_row_gap_laptop&quot;:{&quot;unit&quot;:&quot;px&quot;,&quot;size&quot;:&quot;&quot;,&quot;sizes&quot;:[]},&quot;cards_row_gap_tablet_extra&quot;:{&quot;unit&quot;:&quot;px&quot;,&quot;size&quot;:&quot;&quot;,&quot;sizes&quot;:[]},&quot;cards_row_gap_tablet&quot;:{&quot;unit&quot;:&quot;px&quot;,&quot;size&quot;:&quot;&quot;,&quot;sizes&quot;:[]},&quot;cards_row_gap_mobile_extra&quot;:{&quot;unit&quot;:&quot;px&quot;,&quot;size&quot;:&quot;&quot;,&quot;sizes&quot;:[]},&quot;cards_row_gap_mobile&quot;:{&quot;unit&quot;:&quot;px&quot;,&quot;size&quot;:&quot;&quot;,&quot;sizes&quot;:[]},&quot;load_more_spinner&quot;:{&quot;value&quot;:&quot;fas fa-spinner&quot;,&quot;library&quot;:&quot;fa-solid&quot;}}\" data-widget_type=\"posts.cards\">\n\t\t\t\t<div class=\"elementor-widget-container\">\n\t\t\t\t\t\t\t<div class=\"elementor-posts-container elementor-posts elementor-posts--skin-cards elementor-grid\" role=\"list\">\n\t\t\t\t<article class=\"elementor-post elementor-grid-item post-24293 post type-post status-publish format-standard has-post-thumbnail hentry category-use-case tag-ai-usecase tag-arag tag-automatisierung tag-belegverarbeitung tag-cloud tag-dokumentenmanagement tag-effizienzsteigerung tag-fallstudie-ki tag-finanzprozesse tag-interne-prozesse tag-ki tag-kosteneinsparung tag-kostensenkung tag-kunstliche-intelligenz tag-ocr tag-rydoo tag-saas tag-spesenmanagement\" role=\"listitem\">\n\t\t\t<div class=\"elementor-post__card\">\n\t\t\t\t<a class=\"elementor-post__thumbnail__link\" href=\"https:\/\/laigo.ai\/de\/blog\/arag-automatisiert-belegverarbeitung-mit-ki\/\" tabindex=\"-1\" ><div class=\"elementor-post__thumbnail\"><img fetchpriority=\"high\" decoding=\"async\" width=\"768\" height=\"768\" src=\"https:\/\/laigo.ai\/wp-content\/uploads\/2025\/09\/ARAG-automatisiert-Belegverarbeitung-mit-KI-Laigo-Blog-768x768.png\" class=\"attachment-medium_large size-medium_large wp-image-24297\" alt=\"\" srcset=\"https:\/\/laigo.ai\/wp-content\/uploads\/2025\/09\/ARAG-automatisiert-Belegverarbeitung-mit-KI-Laigo-Blog-768x768.png 768w, https:\/\/laigo.ai\/wp-content\/uploads\/2025\/09\/ARAG-automatisiert-Belegverarbeitung-mit-KI-Laigo-Blog-300x300.png 300w, https:\/\/laigo.ai\/wp-content\/uploads\/2025\/09\/ARAG-automatisiert-Belegverarbeitung-mit-KI-Laigo-Blog-150x150.png 150w, https:\/\/laigo.ai\/wp-content\/uploads\/2025\/09\/ARAG-automatisiert-Belegverarbeitung-mit-KI-Laigo-Blog-12x12.png 12w, https:\/\/laigo.ai\/wp-content\/uploads\/2025\/09\/ARAG-automatisiert-Belegverarbeitung-mit-KI-Laigo-Blog.png 1024w\" sizes=\"(max-width: 768px) 100vw, 768px\" \/><\/div><\/a>\n\t\t\t\t<div class=\"elementor-post__badge\">Anwendungsfall<\/div>\n\t\t\t\t<div class=\"elementor-post__text\">\n\t\t\t\t<h3 class=\"elementor-post__title\">\n\t\t\t<a href=\"https:\/\/laigo.ai\/de\/blog\/arag-automatisiert-belegverarbeitung-mit-ki\/\" >\n\t\t\t\tARAG automatisiert Belegverarbeitung mit KI\t\t\t<\/a>\n\t\t<\/h3>\n\t\t\t\t<div class=\"elementor-post__excerpt\">\n\t\t\t<p>Executive Summary Die\u00a0ARAG Gruppe, ein international t\u00e4tiger Versicherer aus Deutschland, hat ihre Spesen- und Belegverarbeitung mit einer KI-basierten Cloud-L\u00f6sung von Rydoo automatisiert. Mithilfe von\u00a0OCR\u00a0und KI-gest\u00fctztem Autofill werden unstrukturierte Belege \u2013 oft unterschiedlich formatiert und teils handschriftlich \u2013 automatisch erkannt, klassifiziert und in die internen Finanzsysteme \u00fcbertragen. So spart ARAG erhebliche<\/p>\n\t\t<\/div>\n\t\t\t\t\t<div class=\"elementor-post__read-more-wrapper\">\n\t\t\n\t\t<a class=\"elementor-post__read-more\" href=\"https:\/\/laigo.ai\/de\/blog\/arag-automatisiert-belegverarbeitung-mit-ki\/\" aria-label=\"Mehr \u00fcber ARAG automatisiert Belegverarbeitung mit KI\" tabindex=\"-1\" >\n\t\t\tMehr lesen \u00bb\t\t<\/a>\n\n\t\t\t\t\t<\/div>\n\t\t\t\t<\/div>\n\t\t\t\t<div class=\"elementor-post__meta-data\">\n\t\t\t\t\t<span class=\"elementor-post-date\">\n\t\t\t26. September 2025\t\t<\/span>\n\t\t\t\t<\/div>\n\t\t\t\t\t<\/div>\n\t\t<\/article>\n\t\t\t\t<article class=\"elementor-post elementor-grid-item post-24276 post type-post status-publish format-standard has-post-thumbnail hentry category-use-case tag-ai-usecase tag-automatisierung tag-aws tag-cloud tag-datenanalyse tag-ds-smith tag-einkauf tag-erp-daten tag-exponentia-ai tag-fallstudie-ki tag-ki tag-kosteneinsparung tag-kosteneinsparungen tag-kostenreduktion tag-kunstliche-intelligenz tag-lieferantenmanagement tag-procurement tag-sap tag-spend-analytics tag-supply-chain tag-vertragsverhandlung tag-working-capital\" role=\"listitem\">\n\t\t\t<div class=\"elementor-post__card\">\n\t\t\t\t<a class=\"elementor-post__thumbnail__link\" href=\"https:\/\/laigo.ai\/de\/blog\/das-macht-ds-smith-mit-ki\/\" tabindex=\"-1\" ><div class=\"elementor-post__thumbnail\"><img decoding=\"async\" width=\"768\" height=\"768\" src=\"https:\/\/laigo.ai\/wp-content\/uploads\/2025\/09\/DS-Smith-Blog-Post-Laigo-768x768.png\" class=\"attachment-medium_large size-medium_large wp-image-24291\" alt=\"\" srcset=\"https:\/\/laigo.ai\/wp-content\/uploads\/2025\/09\/DS-Smith-Blog-Post-Laigo-768x768.png 768w, https:\/\/laigo.ai\/wp-content\/uploads\/2025\/09\/DS-Smith-Blog-Post-Laigo-300x300.png 300w, https:\/\/laigo.ai\/wp-content\/uploads\/2025\/09\/DS-Smith-Blog-Post-Laigo-150x150.png 150w, https:\/\/laigo.ai\/wp-content\/uploads\/2025\/09\/DS-Smith-Blog-Post-Laigo-12x12.png 12w, https:\/\/laigo.ai\/wp-content\/uploads\/2025\/09\/DS-Smith-Blog-Post-Laigo.png 1024w\" sizes=\"(max-width: 768px) 100vw, 768px\" \/><\/div><\/a>\n\t\t\t\t<div class=\"elementor-post__badge\">Anwendungsfall<\/div>\n\t\t\t\t<div class=\"elementor-post__text\">\n\t\t\t\t<h3 class=\"elementor-post__title\">\n\t\t\t<a href=\"https:\/\/laigo.ai\/de\/blog\/das-macht-ds-smith-mit-ki\/\" >\n\t\t\t\tDas macht DS Smith mit KI\t\t\t<\/a>\n\t\t<\/h3>\n\t\t\t\t<div class=\"elementor-post__excerpt\">\n\t\t\t<p>Der britische Verpackungs- und Papierhersteller\u00a0DS Smith\u00a0hat in Zusammenarbeit mit\u00a0Exponentia.ai\u00a0und\u00a0AWS\u00a0eine cloudbasierte Procurement-Spend-Analytics (PSA) L\u00f6sung eingef\u00fchrt, die es erm\u00f6glicht, Beschaffungsausgaben \u00fcber 12 Systemquellen hinweg nahezu in Echtzeit zu analysieren. Durch Bereinigung von Daten, automatisierte Klassifizierung sowie Verbesserung der Transparenz konnte DS Smith Einsparpotenziale realisieren. U.a. eine\u00a0Verhandlungsmachtsteigerung, Neuverhandlung gro\u00dfer Lieferantenvertr\u00e4ge sowie Freisetzung von<\/p>\n\t\t<\/div>\n\t\t\t\t\t<div class=\"elementor-post__read-more-wrapper\">\n\t\t\n\t\t<a class=\"elementor-post__read-more\" href=\"https:\/\/laigo.ai\/de\/blog\/das-macht-ds-smith-mit-ki\/\" aria-label=\"Mehr \u00fcber Das macht DS Smith mit KI\" tabindex=\"-1\" >\n\t\t\tMehr lesen \u00bb\t\t<\/a>\n\n\t\t\t\t\t<\/div>\n\t\t\t\t<\/div>\n\t\t\t\t<div class=\"elementor-post__meta-data\">\n\t\t\t\t\t<span class=\"elementor-post-date\">\n\t\t\t19. September 2025\t\t<\/span>\n\t\t\t\t<\/div>\n\t\t\t\t\t<\/div>\n\t\t<\/article>\n\t\t\t\t<article class=\"elementor-post elementor-grid-item post-24271 post type-post status-publish format-standard has-post-thumbnail hentry category-use-case tag-ai-usecase tag-angebotsautomatisierung tag-b2b-vertrieb tag-digitalisierung tag-effizienzsteigerung tag-hybrid-cloud tag-ki-angebotserstellung tag-kunstliche-intelligenz tag-kunstliche-intelligenz-im-mittelstand tag-laigo-blog tag-llm tag-mitarbeiterentlastung tag-natural-language-processing tag-prozessautomatisierung tag-weissenberg tag-wissensmanagement\" role=\"listitem\">\n\t\t\t<div class=\"elementor-post__card\">\n\t\t\t\t<a class=\"elementor-post__thumbnail__link\" href=\"https:\/\/laigo.ai\/de\/blog\/angebotserstellung-mit-ki-bei-weissenberg\/\" tabindex=\"-1\" ><div class=\"elementor-post__thumbnail\"><img decoding=\"async\" width=\"768\" height=\"768\" src=\"https:\/\/laigo.ai\/wp-content\/uploads\/2025\/09\/Angebote-mit-KI-Blog-Laigo-768x768.png\" class=\"attachment-medium_large size-medium_large wp-image-24273\" alt=\"\" srcset=\"https:\/\/laigo.ai\/wp-content\/uploads\/2025\/09\/Angebote-mit-KI-Blog-Laigo-768x768.png 768w, https:\/\/laigo.ai\/wp-content\/uploads\/2025\/09\/Angebote-mit-KI-Blog-Laigo-300x300.png 300w, https:\/\/laigo.ai\/wp-content\/uploads\/2025\/09\/Angebote-mit-KI-Blog-Laigo-150x150.png 150w, https:\/\/laigo.ai\/wp-content\/uploads\/2025\/09\/Angebote-mit-KI-Blog-Laigo-12x12.png 12w, https:\/\/laigo.ai\/wp-content\/uploads\/2025\/09\/Angebote-mit-KI-Blog-Laigo.png 1024w\" sizes=\"(max-width: 768px) 100vw, 768px\" \/><\/div><\/a>\n\t\t\t\t<div class=\"elementor-post__badge\">Anwendungsfall<\/div>\n\t\t\t\t<div class=\"elementor-post__text\">\n\t\t\t\t<h3 class=\"elementor-post__title\">\n\t\t\t<a href=\"https:\/\/laigo.ai\/de\/blog\/angebotserstellung-mit-ki-bei-weissenberg\/\" >\n\t\t\t\tAngebotserstellung mit KI bei Weissenberg\t\t\t<\/a>\n\t\t<\/h3>\n\t\t\t\t<div class=\"elementor-post__excerpt\">\n\t\t\t<p>Die\u00a0Weissenberg Business Consulting GmbH\u00a0hat mithilfe eines Large Language Models (LLM) den Prozess der Angebotserstellung f\u00fcr ein produzierendes Gewerbe nahezu vollst\u00e4ndig automatisiert. Die L\u00f6sung beschleunigt die Bearbeitung, reduziert manuelle Aufw\u00e4nde und sichert Fachwissen innerhalb des Unternehmens. Mitarbeiter werden entlastet, w\u00e4hrend die Angebotsqualit\u00e4t und Geschwindigkeit steigt.Quelle:\u00a0Weissenberg Use Case. Zutatenliste Large Language Model<\/p>\n\t\t<\/div>\n\t\t\t\t\t<div class=\"elementor-post__read-more-wrapper\">\n\t\t\n\t\t<a class=\"elementor-post__read-more\" href=\"https:\/\/laigo.ai\/de\/blog\/angebotserstellung-mit-ki-bei-weissenberg\/\" aria-label=\"Mehr \u00fcber Angebotserstellung mit KI bei Weissenberg\" tabindex=\"-1\" >\n\t\t\tMehr lesen \u00bb\t\t<\/a>\n\n\t\t\t\t\t<\/div>\n\t\t\t\t<\/div>\n\t\t\t\t<div class=\"elementor-post__meta-data\">\n\t\t\t\t\t<span class=\"elementor-post-date\">\n\t\t\t18. September 2025\t\t<\/span>\n\t\t\t\t<\/div>\n\t\t\t\t\t<\/div>\n\t\t<\/article>\n\t\t\t\t<article class=\"elementor-post elementor-grid-item post-24260 post type-post status-publish format-standard has-post-thumbnail hentry category-use-case tag-ai-usecase tag-catena-x tag-datensouveranitat tag-effizienzsteigerung tag-fallstudie-ki tag-ki-automobilzulieferer tag-kosteneinsparung tag-kostenreduktion-mit-ki tag-kunstliche-intelligenz tag-kunstliche-intelligenz-logistik tag-on-premise-ki tag-predictive-quality tag-qualitatsmanagement-automotive tag-ruckrufmanagement tag-strukturierte-daten tag-supply-chain-transparenz\" role=\"listitem\">\n\t\t\t<div class=\"elementor-post__card\">\n\t\t\t\t<a class=\"elementor-post__thumbnail__link\" href=\"https:\/\/laigo.ai\/de\/blog\/catena-x-strukturierte-daten-stoppen-massenruckrufe\/\" tabindex=\"-1\" ><div class=\"elementor-post__thumbnail\"><img loading=\"lazy\" decoding=\"async\" width=\"768\" height=\"768\" src=\"https:\/\/laigo.ai\/wp-content\/uploads\/2025\/09\/Catena-X-Blog-Post-768x768.png\" class=\"attachment-medium_large size-medium_large wp-image-24268\" alt=\"\" srcset=\"https:\/\/laigo.ai\/wp-content\/uploads\/2025\/09\/Catena-X-Blog-Post-768x768.png 768w, https:\/\/laigo.ai\/wp-content\/uploads\/2025\/09\/Catena-X-Blog-Post-300x300.png 300w, https:\/\/laigo.ai\/wp-content\/uploads\/2025\/09\/Catena-X-Blog-Post-150x150.png 150w, https:\/\/laigo.ai\/wp-content\/uploads\/2025\/09\/Catena-X-Blog-Post-12x12.png 12w, https:\/\/laigo.ai\/wp-content\/uploads\/2025\/09\/Catena-X-Blog-Post.png 1024w\" sizes=\"(max-width: 768px) 100vw, 768px\" \/><\/div><\/a>\n\t\t\t\t<div class=\"elementor-post__badge\">Anwendungsfall<\/div>\n\t\t\t\t<div class=\"elementor-post__text\">\n\t\t\t\t<h3 class=\"elementor-post__title\">\n\t\t\t<a href=\"https:\/\/laigo.ai\/de\/blog\/catena-x-strukturierte-daten-stoppen-massenruckrufe\/\" >\n\t\t\t\tCatena-X: Strukturierte Daten stoppen Massenr\u00fcckrufe\t\t\t<\/a>\n\t\t<\/h3>\n\t\t\t\t<div class=\"elementor-post__excerpt\">\n\t\t\t<p>Catena-X\u00a0vernetzt OEMs und Automobilzulieferer in einem gemeinsamen Daten\u00f6kosystem und nutzt KI auf Basis strukturierter Daten zur R\u00fcckverfolgbarkeit von Bauteilen. Durch standardisierte Schnittstellen und Datenaustausch lassen sich Fehlerquellen gezielt identifizieren und R\u00fcckrufaktionen eingrenzen. Ein spektakul\u00e4res Ergebnis:\u00a0Ein geplanter R\u00fcckruf von 1,4 Millionen Fahrzeugen konnte auf nur 14 reduziert werden. Damit sparen Zulieferer<\/p>\n\t\t<\/div>\n\t\t\t\t\t<div class=\"elementor-post__read-more-wrapper\">\n\t\t\n\t\t<a class=\"elementor-post__read-more\" href=\"https:\/\/laigo.ai\/de\/blog\/catena-x-strukturierte-daten-stoppen-massenruckrufe\/\" aria-label=\"Mehr \u00fcber Catena-X: Strukturierte Daten stoppen Massenr\u00fcckrufe\" tabindex=\"-1\" >\n\t\t\tMehr lesen \u00bb\t\t<\/a>\n\n\t\t\t\t\t<\/div>\n\t\t\t\t<\/div>\n\t\t\t\t<div class=\"elementor-post__meta-data\">\n\t\t\t\t\t<span class=\"elementor-post-date\">\n\t\t\t16. September 2025\t\t<\/span>\n\t\t\t\t<\/div>\n\t\t\t\t\t<\/div>\n\t\t<\/article>\n\t\t\t\t<article class=\"elementor-post elementor-grid-item post-24252 post type-post status-publish format-standard has-post-thumbnail hentry category-regulation tag-c3-ai tag-cloud-losungen tag-compliance tag-dokumentenmanagement tag-effizienzsteigerung tag-enterprise-ai tag-generative-ai tag-ki-im-unternehmen tag-kostenoptimierung tag-kostensenkung tag-kunstliche-intelligenz tag-lieferantenmanagement tag-prozessautomatisierung tag-vertragsanalyse tag-vertragsdigitalisierung tag-vertragsmanagement\" role=\"listitem\">\n\t\t\t<div class=\"elementor-post__card\">\n\t\t\t\t<a class=\"elementor-post__thumbnail__link\" href=\"https:\/\/laigo.ai\/de\/blog\/zuckerproduzent-mit-ki-vertragsmanagement\/\" tabindex=\"-1\" ><div class=\"elementor-post__thumbnail\"><img loading=\"lazy\" decoding=\"async\" width=\"768\" height=\"512\" src=\"https:\/\/laigo.ai\/wp-content\/uploads\/2025\/09\/Zuckerproduzent-mit-KI-Blog-post-768x512.png\" class=\"attachment-medium_large size-medium_large wp-image-24255\" alt=\"\" srcset=\"https:\/\/laigo.ai\/wp-content\/uploads\/2025\/09\/Zuckerproduzent-mit-KI-Blog-post-768x512.png 768w, https:\/\/laigo.ai\/wp-content\/uploads\/2025\/09\/Zuckerproduzent-mit-KI-Blog-post-300x200.png 300w, https:\/\/laigo.ai\/wp-content\/uploads\/2025\/09\/Zuckerproduzent-mit-KI-Blog-post-1024x683.png 1024w, https:\/\/laigo.ai\/wp-content\/uploads\/2025\/09\/Zuckerproduzent-mit-KI-Blog-post-18x12.png 18w, https:\/\/laigo.ai\/wp-content\/uploads\/2025\/09\/Zuckerproduzent-mit-KI-Blog-post.png 1536w\" sizes=\"(max-width: 768px) 100vw, 768px\" \/><\/div><\/a>\n\t\t\t\t<div class=\"elementor-post__badge\">Verordnung<\/div>\n\t\t\t\t<div class=\"elementor-post__text\">\n\t\t\t\t<h3 class=\"elementor-post__title\">\n\t\t\t<a href=\"https:\/\/laigo.ai\/de\/blog\/zuckerproduzent-mit-ki-vertragsmanagement\/\" >\n\t\t\t\tZuckerproduzent mit KI-Vertragsmanagement\t\t\t<\/a>\n\t\t<\/h3>\n\t\t\t\t<div class=\"elementor-post__excerpt\">\n\t\t\t<p>Executive Summary Ein f\u00fchrender Zuckerproduzent setzt auf\u00a0C3 Generative AI in der Cloud, um sein Vertragsmanagement zu modernisieren. Hunderte Vertr\u00e4ge werden automatisch verglichen, Dienstleister\u00fcberschneidungen identifiziert und Vertragsbedingungen auf Compliance gepr\u00fcft. Mit einer\u00a0Antwortgenauigkeit von \u00fcber 80 %\u00a0konnte das Unternehmen bis zu\u00a05 Mio. USD Kosten einsparen\u00a0und die Effizienz im Vertragswesen deutlich steigern. Quelle:\u00a0c3.ai<\/p>\n\t\t<\/div>\n\t\t\t\t\t<div class=\"elementor-post__read-more-wrapper\">\n\t\t\n\t\t<a class=\"elementor-post__read-more\" href=\"https:\/\/laigo.ai\/de\/blog\/zuckerproduzent-mit-ki-vertragsmanagement\/\" aria-label=\"Mehr \u00fcber Zuckerproduzent mit KI-Vertragsmanagement\" tabindex=\"-1\" >\n\t\t\tMehr lesen \u00bb\t\t<\/a>\n\n\t\t\t\t\t<\/div>\n\t\t\t\t<\/div>\n\t\t\t\t<div class=\"elementor-post__meta-data\">\n\t\t\t\t\t<span class=\"elementor-post-date\">\n\t\t\t15. September 2025\t\t<\/span>\n\t\t\t\t<\/div>\n\t\t\t\t\t<\/div>\n\t\t<\/article>\n\t\t\t\t<article class=\"elementor-post elementor-grid-item post-24239 post type-post status-publish format-standard has-post-thumbnail hentry category-regulation tag-automatisierung tag-cloud-losung tag-dach-region tag-digitalisierung tag-effizienzsteigerung tag-ki tag-kosteneinsparung tag-kunstliche-intelligenz tag-legaltech tag-legartis tag-rechtsabteilung tag-unternehmensprozesse tag-vertragsanalyse tag-vertragsprufung\" role=\"listitem\">\n\t\t\t<div class=\"elementor-post__card\">\n\t\t\t\t<a class=\"elementor-post__thumbnail__link\" href=\"https:\/\/laigo.ai\/de\/blog\/ki-gestutzte-vertragsprufung-bei-legartis\/\" tabindex=\"-1\" ><div class=\"elementor-post__thumbnail\"><img loading=\"lazy\" decoding=\"async\" width=\"768\" height=\"614\" src=\"https:\/\/laigo.ai\/wp-content\/uploads\/2025\/09\/Legartis-Blog-Post-768x614.png\" class=\"attachment-medium_large size-medium_large wp-image-24250\" alt=\"\" srcset=\"https:\/\/laigo.ai\/wp-content\/uploads\/2025\/09\/Legartis-Blog-Post-768x614.png 768w, https:\/\/laigo.ai\/wp-content\/uploads\/2025\/09\/Legartis-Blog-Post-300x240.png 300w, https:\/\/laigo.ai\/wp-content\/uploads\/2025\/09\/Legartis-Blog-Post-15x12.png 15w, https:\/\/laigo.ai\/wp-content\/uploads\/2025\/09\/Legartis-Blog-Post.png 859w\" sizes=\"(max-width: 768px) 100vw, 768px\" \/><\/div><\/a>\n\t\t\t\t<div class=\"elementor-post__badge\">Verordnung<\/div>\n\t\t\t\t<div class=\"elementor-post__text\">\n\t\t\t\t<h3 class=\"elementor-post__title\">\n\t\t\t<a href=\"https:\/\/laigo.ai\/de\/blog\/ki-gestutzte-vertragsprufung-bei-legartis\/\" >\n\t\t\t\tKI-gest\u00fctzte Vertragspr\u00fcfung bei Legartis\t\t\t<\/a>\n\t\t<\/h3>\n\t\t\t\t<div class=\"elementor-post__excerpt\">\n\t\t\t<p>Mit\u00a0Legartis\u00a0setzen Rechtsabteilungen in der DACH-Region K\u00fcnstliche Intelligenz ein, um Vertr\u00e4ge automatisiert zu analysieren und zu pr\u00fcfen. Die L\u00f6sung identifiziert Risiken, Klauseln und Abweichungen zuverl\u00e4ssig innerhalb k\u00fcrzester Zeit, wodurch manuelle Kontrolle reduziert und die Prozessgeschwindigkeit erh\u00f6ht wird. So erm\u00f6glicht Legartis skalierbare und konsistente Vertragsarbeit \u2013 ideal f\u00fcr zeitkritische und umfangreiche Dokumentenbest\u00e4nde.<\/p>\n\t\t<\/div>\n\t\t\t\t\t<div class=\"elementor-post__read-more-wrapper\">\n\t\t\n\t\t<a class=\"elementor-post__read-more\" href=\"https:\/\/laigo.ai\/de\/blog\/ki-gestutzte-vertragsprufung-bei-legartis\/\" aria-label=\"Mehr \u00fcber KI-gest\u00fctzte Vertragspr\u00fcfung bei Legartis\" tabindex=\"-1\" >\n\t\t\tMehr lesen \u00bb\t\t<\/a>\n\n\t\t\t\t\t<\/div>\n\t\t\t\t<\/div>\n\t\t\t\t<div class=\"elementor-post__meta-data\">\n\t\t\t\t\t<span class=\"elementor-post-date\">\n\t\t\t10. September 2025\t\t<\/span>\n\t\t\t\t<\/div>\n\t\t\t\t\t<\/div>\n\t\t<\/article>\n\t\t\t\t<\/div>\n\t\t\t\t\t<span class=\"e-load-more-spinner\">\n\t\t\t\t<svg aria-hidden=\"true\" class=\"e-font-icon-svg e-fas-spinner\" viewbox=\"0 0 512 512\" xmlns=\"http:\/\/www.w3.org\/2000\/svg\"><path d=\"M304 48c0 26.51-21.49 48-48 48s-48-21.49-48-48 21.49-48 48-48 48 21.49 48 48zm-48 368c-26.51 0-48 21.49-48 48s21.49 48 48 48 48-21.49 48-48-21.49-48-48-48zm208-208c-26.51 0-48 21.49-48 48s21.49 48 48 48 48-21.49 48-48-21.49-48-48-48zM96 256c0-26.51-21.49-48-48-48S0 229.49 0 256s21.49 48 48 48 48-21.49 48-48zm12.922 99.078c-26.51 0-48 21.49-48 48s21.49 48 48 48 48-21.49 48-48c0-26.509-21.491-48-48-48zm294.156 0c-26.51 0-48 21.49-48 48s21.49 48 48 48 48-21.49 48-48c0-26.509-21.49-48-48-48zM108.922 60.922c-26.51 0-48 21.49-48 48s21.49 48 48 48 48-21.49 48-48-21.491-48-48-48z\"><\/path><\/svg>\t\t\t<\/span>\n\t\t\n\t\t\t\t<div class=\"e-load-more-anchor\" data-page=\"1\" data-max-page=\"6\" data-next-page=\"https:\/\/laigo.ai\/de\/wp-json\/wp\/v2\/pages\/4614\/page\/2\/\"><\/div>\n\t\t\t\t<div class=\"elementor-button-wrapper\">\n\t\t\t<a class=\"elementor-button elementor-size-sm\" role=\"button\">\n\t\t\t\t\t\t<span class=\"elementor-button-content-wrapper\">\n\t\t\t\t\t\t\t\t\t<span class=\"elementor-button-text\">Mehr laden<\/span>\n\t\t\t\t\t<\/span>\n\t\t\t\t\t<\/a>\n\t\t<\/div>\n\t\t\t\t<div class=\"e-load-more-message\"><\/div>\n\t\t\t\t\t\t<\/div>\n\t\t\t\t<\/div>\n\t\t\t\t\t<\/div>\n\t\t<\/div>\n\t\t\t\t\t<\/div>\n\t\t<\/section>\n\t\t\t\t<\/div>","protected":false},"excerpt":{"rendered":"<p>Welcome to our blog Learn about how the AI tech and solutions work together to make your job easier and get the latest news on how to utilize them<\/p>","protected":false},"author":2,"featured_media":0,"parent":0,"menu_order":0,"comment_status":"closed","ping_status":"closed","template":"","meta":{"om_disable_all_campaigns":false,"footnotes":""},"class_list":["post-4614","page","type-page","status-publish","hentry"],"aioseo_notices":[],"_links":{"self":[{"href":"https:\/\/laigo.ai\/de\/wp-json\/wp\/v2\/pages\/4614","targetHints":{"allow":["GET"]}}],"collection":[{"href":"https:\/\/laigo.ai\/de\/wp-json\/wp\/v2\/pages"}],"about":[{"href":"https:\/\/laigo.ai\/de\/wp-json\/wp\/v2\/types\/page"}],"author":[{"embeddable":true,"href":"https:\/\/laigo.ai\/de\/wp-json\/wp\/v2\/users\/2"}],"replies":[{"embeddable":true,"href":"https:\/\/laigo.ai\/de\/wp-json\/wp\/v2\/comments?post=4614"}],"version-history":[{"count":0,"href":"https:\/\/laigo.ai\/de\/wp-json\/wp\/v2\/pages\/4614\/revisions"}],"wp:attachment":[{"href":"https:\/\/laigo.ai\/de\/wp-json\/wp\/v2\/media?parent=4614"}],"curies":[{"name":"wp","href":"https:\/\/api.w.org\/{rel}","templated":true}]}}